{"id":284,"date":"2022-03-14T18:33:46","date_gmt":"2022-03-14T21:33:46","guid":{"rendered":"https:\/\/interlab21ccm.com\/?page_id=284"},"modified":"2022-03-14T18:33:46","modified_gmt":"2022-03-14T21:33:46","slug":"palestra-imaginario-arquetipos-narrativas","status":"publish","type":"page","link":"https:\/\/interlab21ccm.com\/?page_id=284","title":{"rendered":"PALESTRA: IMAGIN\u00c1RIO, ARQU\u00c9TIPOS &#038; NARRATIVAS"},"content":{"rendered":"\n<h3 class=\"wp-block-heading\">Dr. S\u00edlvio Anaz<\/h3>\n\n\n\n<p><strong><em>Media\u00e7\u00e3o: Paula Mantovani<\/em><\/strong><br><strong>Dura\u00e7\u00e3o:<\/strong>\u00a040 min. de fala\u00a0 + 20 min. de conversa<\/p>\n\n\n\n<p>As contribui\u00e7\u00f5es da teoria do imagin\u00e1rio de Gilbert Durand para o estudo dos processos comunicacionais, tanto no \u00e2mbito da recep\u00e7\u00e3o e interpreta\u00e7\u00e3o como no do processo de cria\u00e7\u00e3o das narrativas. Como os conceitos fundamentais sobre o imagin\u00e1rio (imagem, trajeto antropol\u00f3gico e arqu\u00e9tipos) podem mostrar novos caminhos para a investiga\u00e7\u00e3o e compreens\u00e3o dos fen\u00f4menos comunicacionais, do jornalismo \u00e0 produ\u00e7\u00e3o audiovisual.<\/p>\n\n\n\n<figure class=\"wp-block-image size-large\"><img loading=\"lazy\" decoding=\"async\" width=\"960\" height=\"960\" src=\"https:\/\/interlab21ccm.com\/wp-content\/uploads\/2022\/03\/Foto-Silvio-Anaz-edited.jpeg\" alt=\"\" class=\"wp-image-286\" srcset=\"https:\/\/interlab21ccm.com\/wp-content\/uploads\/2022\/03\/Foto-Silvio-Anaz-edited.jpeg 960w, https:\/\/interlab21ccm.com\/wp-content\/uploads\/2022\/03\/Foto-Silvio-Anaz-edited-300x300.jpeg 300w, https:\/\/interlab21ccm.com\/wp-content\/uploads\/2022\/03\/Foto-Silvio-Anaz-edited-150x150.jpeg 150w, https:\/\/interlab21ccm.com\/wp-content\/uploads\/2022\/03\/Foto-Silvio-Anaz-edited-768x768.jpeg 768w, https:\/\/interlab21ccm.com\/wp-content\/uploads\/2022\/03\/Foto-Silvio-Anaz-edited-100x100.jpeg 100w\" sizes=\"auto, (max-width: 767px) 89vw, (max-width: 1000px) 54vw, (max-width: 1071px) 543px, 580px\" \/><\/figure>\n\n\n\n<p><strong>S\u00edlvio Anaz<\/strong><br>Doutor em Comunica\u00e7\u00e3o e Semi\u00f3tica pela Pontif\u00edcia Universidade Cat\u00f3lica de S\u00e3o Paulo. P\u00f3s-doutorado em Meios e Processos Audiovisuais pela Escola de Comunica\u00e7\u00f5es e Artes da Universidade de S\u00e3o Paulo. Pesquisador visitante na School of the Arts, Media, Performance &amp; Design da York University.<\/p>\n","protected":false},"excerpt":{"rendered":"<p>Dr. S\u00edlvio Anaz Media\u00e7\u00e3o: Paula MantovaniDura\u00e7\u00e3o:\u00a040 min. de fala\u00a0 + 20 min. de conversa As contribui\u00e7\u00f5es da teoria do imagin\u00e1rio de Gilbert Durand para o estudo dos processos comunicacionais, tanto no \u00e2mbito da recep\u00e7\u00e3o e interpreta\u00e7\u00e3o como no do processo de cria\u00e7\u00e3o das narrativas. Como os conceitos fundamentais sobre o imagin\u00e1rio (imagem, trajeto antropol\u00f3gico e &hellip; <\/p>\n<p class=\"link-more\"><a href=\"https:\/\/interlab21ccm.com\/?page_id=284\" class=\"more-link\">Continue lendo<span class=\"screen-reader-text\"> &#8220;PALESTRA: IMAGIN\u00c1RIO, ARQU\u00c9TIPOS &#038; NARRATIVAS&#8221;<\/span><\/a><\/p>\n","protected":false},"author":1,"featured_media":0,"parent":0,"menu_order":0,"comment_status":"closed","ping_status":"closed","template":"","meta":{"footnotes":""},"class_list":["post-284","page","type-page","status-publish","hentry"],"_links":{"self":[{"href":"https:\/\/interlab21ccm.com\/index.php?rest_route=\/wp\/v2\/pages\/284","targetHints":{"allow":["GET"]}}],"collection":[{"href":"https:\/\/interlab21ccm.com\/index.php?rest_route=\/wp\/v2\/pages"}],"about":[{"href":"https:\/\/interlab21ccm.com\/index.php?rest_route=\/wp\/v2\/types\/page"}],"author":[{"embeddable":true,"href":"https:\/\/interlab21ccm.com\/index.php?rest_route=\/wp\/v2\/users\/1"}],"replies":[{"embeddable":true,"href":"https:\/\/interlab21ccm.com\/index.php?rest_route=%2Fwp%2Fv2%2Fcomments&post=284"}],"version-history":[{"count":1,"href":"https:\/\/interlab21ccm.com\/index.php?rest_route=\/wp\/v2\/pages\/284\/revisions"}],"predecessor-version":[{"id":287,"href":"https:\/\/interlab21ccm.com\/index.php?rest_route=\/wp\/v2\/pages\/284\/revisions\/287"}],"wp:attachment":[{"href":"https:\/\/interlab21ccm.com\/index.php?rest_route=%2Fwp%2Fv2%2Fmedia&parent=284"}],"curies":[{"name":"wp","href":"https:\/\/api.w.org\/{rel}","templated":true}]}}