{"id":289,"date":"2022-03-14T18:39:05","date_gmt":"2022-03-14T21:39:05","guid":{"rendered":"https:\/\/interlab21ccm.com\/?page_id=289"},"modified":"2022-03-14T18:41:01","modified_gmt":"2022-03-14T21:41:01","slug":"a-arte-como-dispositivo-de-interacao-politica","status":"publish","type":"page","link":"https:\/\/interlab21ccm.com\/?page_id=289","title":{"rendered":"A ARTE COMO DISPOSITIVO DE INTERA\u00c7\u00c3O POL\u00cdTICA"},"content":{"rendered":"\n<p><strong><em>Media\u00e7\u00e3o: Dra. Ane Shyrlei de Araujo<\/em><\/strong><br><strong>Hor\u00e1rio:<\/strong>&nbsp;15h30 \u00e0s 17h<br><strong>Dura\u00e7\u00e3o:<\/strong>&nbsp;15min. por palestrante + 30min. de conversa<\/p>\n\n\n\n<ul class=\"wp-block-list\"><li><strong>Reverbera\u00e7\u00f5es pol\u00edticas e est\u00e9ticas da exposi\u00e7\u00e3o \u201cRastros da Contamina\u00e7\u00e3o: Po\u00e9ticas do Rio Urussanga&#8221;<\/strong><br><em>Dra. Vanessa Lopes<\/em><\/li><\/ul>\n\n\n\n<p>A palestra ir\u00e1 abordar os aspectos da cadeia produtiva da exposi\u00e7\u00e3o &#8220;Rastros da Contamina\u00e7\u00e3o: Po\u00e9ticas do Rio Urussanga&#8221;. A tem\u00e1tica da exposi\u00e7\u00e3o abordou o processo de contamina\u00e7\u00e3o das \u00e1guas da Bacia do Rio Urussanga, que foram acidificadas em decorr\u00eancia da economia extrativista da minera\u00e7\u00e3o de carv\u00e3o. As perguntas que orientaram este processo s\u00e3o: O que o rio tem a nos dizer? Quais s\u00e3o os rastros de sua hist\u00f3ria? Neste projeto, entramos em contato com o modelo extrativista e genocida colonial implantado na regi\u00e3o, politizando discuss\u00f5es acerca das for\u00e7as destrutivas do poder econ\u00f4mico hegem\u00f4nico que prevaleceu nas \u00faltimas d\u00e9cadas, colocando em pauta as escolhas e os modos de vida que culminaram na morte deste importante rio.&nbsp;<\/p>\n\n\n\n<ul class=\"wp-block-list\"><li><strong>Construindo redes e alian\u00e7as estrat\u00e9gicas no mercado da arte<\/strong><br><em>Dra. Roseli Demercian<\/em><\/li><\/ul>\n\n\n\n<p>Desenhar uma base conceitual para entender como as redes e cadeias de coopera\u00e7\u00e3o funcionam no meio da arte. As reflex\u00f5es ser\u00e3o feitas a partir dos livros &#8220;Falando da Sociedade: ensaios sobre diferentes maneiras de representar o social&#8221;(2009), de Howard Becker e &#8220;Ci\u00eancia e a\u00e7\u00e3o : como seguir cientistas e engenheiros sociedade afora&#8221; (2012), de Bruno Latour.<\/p>\n\n\n\n<ul class=\"wp-block-list\"><li><strong>Mem\u00f3ria e imagin\u00e1rio no rei dos monstros: estudo comparativo entre as vers\u00f5es de 1954 (Jap\u00e3o) e 2014 (EUA)<\/strong><br><em>Dra. Fernanda Ceretta<\/em><\/li><\/ul>\n\n\n\n<p>Como mem\u00f3ria transnacional e medo foram traduzidos nas passagens destas duas narrativas do monstro Godzilla? Quais imagens s\u00e3o revividas nestes processos de tradu\u00e7\u00e3o? Este trabalho, apresentado no congresso Transnational Monstrosity in Popular Culture em York em 2017, analisa as tradu\u00e7\u00f5es do imagin\u00e1rio do rei dos monstros, comparando ambos os filmes para compreender suas similaridades e diferen\u00e7as contextuais e culturais. Trabalho realizado em colabora\u00e7\u00e3o com a Dra. Lucia Le\u00e3o.<\/p>\n\n\n\n<ul class=\"wp-block-list\"><li><strong>Educativo em Museus: a presentifica\u00e7\u00e3o da arte em esferas da vida<\/strong><br><em>Carlos Barmak<\/em><\/li><\/ul>\n\n\n\n<p>A palestra aborda as contribui\u00e7\u00f5es do pensamento complexo e transdisciplinar na constru\u00e7\u00e3o de projetos educacionais em museus e institui\u00e7\u00f5es de arte. A inten\u00e7\u00e3o da pesquisa \u00e9 refletir sobre o entrelace das subjetividades e das po\u00e9ticas individuais em diferentes contextos p\u00fablicos e sociais. Partimos do princ\u00edpio de que a arte precisou de s\u00e9culos para colocar em evid\u00eancia que o seu valor est\u00e1, justamente, na rela\u00e7\u00e3o que estabelecemos com ela e n\u00e3o nos seus objetos. Defendemos que a constru\u00e7\u00e3o do conhecimento se d\u00e1 na rela\u00e7\u00e3o com os acontecimentos do mundo ao longo do tempo, assim como nas formas em que esses acontecimentos s\u00e3o comunicados. Dessa forma, as institui\u00e7\u00f5es culturais podem ser encaradas como um organizamos vivos e pulsantes, como ambientes de gera\u00e7\u00e3o de saberes que permitem o encontro de diferentes olhares, considerando o que cada um pode trazer e levar, afetar e ser afetado.<\/p>\n","protected":false},"excerpt":{"rendered":"<p>Media\u00e7\u00e3o: Dra. Ane Shyrlei de AraujoHor\u00e1rio:&nbsp;15h30 \u00e0s 17hDura\u00e7\u00e3o:&nbsp;15min. por palestrante + 30min. de conversa Reverbera\u00e7\u00f5es pol\u00edticas e est\u00e9ticas da exposi\u00e7\u00e3o \u201cRastros da Contamina\u00e7\u00e3o: Po\u00e9ticas do Rio Urussanga&#8221;Dra. Vanessa Lopes A palestra ir\u00e1 abordar os aspectos da cadeia produtiva da exposi\u00e7\u00e3o &#8220;Rastros da Contamina\u00e7\u00e3o: Po\u00e9ticas do Rio Urussanga&#8221;. A tem\u00e1tica da exposi\u00e7\u00e3o abordou o processo de &hellip; <\/p>\n<p class=\"link-more\"><a href=\"https:\/\/interlab21ccm.com\/?page_id=289\" class=\"more-link\">Continue lendo<span class=\"screen-reader-text\"> &#8220;A ARTE COMO DISPOSITIVO DE INTERA\u00c7\u00c3O POL\u00cdTICA&#8221;<\/span><\/a><\/p>\n","protected":false},"author":1,"featured_media":0,"parent":0,"menu_order":0,"comment_status":"closed","ping_status":"closed","template":"","meta":{"footnotes":""},"class_list":["post-289","page","type-page","status-publish","hentry"],"_links":{"self":[{"href":"https:\/\/interlab21ccm.com\/index.php?rest_route=\/wp\/v2\/pages\/289","targetHints":{"allow":["GET"]}}],"collection":[{"href":"https:\/\/interlab21ccm.com\/index.php?rest_route=\/wp\/v2\/pages"}],"about":[{"href":"https:\/\/interlab21ccm.com\/index.php?rest_route=\/wp\/v2\/types\/page"}],"author":[{"embeddable":true,"href":"https:\/\/interlab21ccm.com\/index.php?rest_route=\/wp\/v2\/users\/1"}],"replies":[{"embeddable":true,"href":"https:\/\/interlab21ccm.com\/index.php?rest_route=%2Fwp%2Fv2%2Fcomments&post=289"}],"version-history":[{"count":3,"href":"https:\/\/interlab21ccm.com\/index.php?rest_route=\/wp\/v2\/pages\/289\/revisions"}],"predecessor-version":[{"id":292,"href":"https:\/\/interlab21ccm.com\/index.php?rest_route=\/wp\/v2\/pages\/289\/revisions\/292"}],"wp:attachment":[{"href":"https:\/\/interlab21ccm.com\/index.php?rest_route=%2Fwp%2Fv2%2Fmedia&parent=289"}],"curies":[{"name":"wp","href":"https:\/\/api.w.org\/{rel}","templated":true}]}}