{"id":305,"date":"2022-03-14T18:58:33","date_gmt":"2022-03-14T21:58:33","guid":{"rendered":"https:\/\/interlab21ccm.com\/?page_id=305"},"modified":"2022-03-14T18:58:33","modified_gmt":"2022-03-14T21:58:33","slug":"palestra-rituais-da-complexidade-inteligencia-artificial-e-tecnologias-ancestrais","status":"publish","type":"page","link":"https:\/\/interlab21ccm.com\/?page_id=305","title":{"rendered":"PALESTRA: RITUAIS DA COMPLEXIDADE, INTELIG\u00caNCIA ARTIFICIAL E TECNOLOGIAS ANCESTRAIS"},"content":{"rendered":"\n<h3 class=\"wp-block-heading\">Me. Fernando Vel\u00e1zquez<\/h3>\n\n\n\n<p><strong><em>Media\u00e7\u00e3o: Dra. Paula Carolei<\/em><\/strong><br><strong>Dura\u00e7\u00e3o:<\/strong>\u00a040 min. de fala\u00a0 + 20 min. de conversa<\/p>\n\n\n\n<p>Chamo de &#8220;Rituais da complexidade&#8221; a um conjunto de pr\u00e1ticas e processos investigativos que venho desen-volvendo ao longo do tempo. Tamb\u00e9m \u00e9 o nome de uma s\u00e9rie recente de obras em que tecnologias ancestrais dialogam com a intelig\u00eancia artificial. Partindo da ideia de que as tecnologias carregam as ideologias daqueles que as criam, a pesquisa elenca uma s\u00e9rie de contradi\u00e7\u00f5es relativas ao desenvolvimento da IA.<\/p>\n\n\n\n<figure class=\"wp-block-image size-large\"><img loading=\"lazy\" decoding=\"async\" width=\"1024\" height=\"682\" src=\"https:\/\/interlab21ccm.com\/wp-content\/uploads\/2022\/03\/Foto_Fernando-Velazquez-1024x682.jpeg\" alt=\"\" class=\"wp-image-306\" srcset=\"https:\/\/interlab21ccm.com\/wp-content\/uploads\/2022\/03\/Foto_Fernando-Velazquez-1024x682.jpeg 1024w, https:\/\/interlab21ccm.com\/wp-content\/uploads\/2022\/03\/Foto_Fernando-Velazquez-300x200.jpeg 300w, https:\/\/interlab21ccm.com\/wp-content\/uploads\/2022\/03\/Foto_Fernando-Velazquez-768x512.jpeg 768w, https:\/\/interlab21ccm.com\/wp-content\/uploads\/2022\/03\/Foto_Fernando-Velazquez.jpeg 1280w\" sizes=\"auto, (max-width: 767px) 89vw, (max-width: 1000px) 54vw, (max-width: 1071px) 543px, 580px\" \/><\/figure>\n\n\n\n<p><strong>Fernando Vel\u00e1zquez<\/strong>\u00a0\u00e9 artista multim\u00eddia. Suas obras incluem v\u00eddeos, instala\u00e7\u00f5es e objetos interativos, performances audiovisuais e imagens geradas com recursos algor\u00edtmicos. Explora a rela\u00e7\u00e3o entre natureza e cultura, colocando em di\u00e1logo dois t\u00f3picos principais: as capacidades perceptivas do corpo humano e a media\u00e7\u00e3o da realidade por dispositivos t\u00e9cnicos. Se interessa pelo cruzamento da arte com outras \u00e1reas do conhecimento como a ci\u00eancia, a filosofia e a antropologia visual. Mestre em Moda, Arte e Cultura pelo Senac-SP, p\u00f3s graduado em Video e Tecnologias On e Off-line pelo Mecad de Barcelona, participa de exposi\u00e7\u00f5es no Brasil e no exterior. Recebeu, dentre outros, o Pr\u00eamio Sergio Motta de Arte e Tecnologia (Brasil, 2009), M\u00eddias Locativas Arte.Mov (Brasil, 2008) e o Vida Artificial (Espanha, 2008).<\/p>\n","protected":false},"excerpt":{"rendered":"<p>Me. Fernando Vel\u00e1zquez Media\u00e7\u00e3o: Dra. Paula CaroleiDura\u00e7\u00e3o:\u00a040 min. de fala\u00a0 + 20 min. de conversa Chamo de &#8220;Rituais da complexidade&#8221; a um conjunto de pr\u00e1ticas e processos investigativos que venho desen-volvendo ao longo do tempo. Tamb\u00e9m \u00e9 o nome de uma s\u00e9rie recente de obras em que tecnologias ancestrais dialogam com a intelig\u00eancia artificial. Partindo &hellip; <\/p>\n<p class=\"link-more\"><a href=\"https:\/\/interlab21ccm.com\/?page_id=305\" class=\"more-link\">Continue lendo<span class=\"screen-reader-text\"> &#8220;PALESTRA: RITUAIS DA COMPLEXIDADE, INTELIG\u00caNCIA ARTIFICIAL E TECNOLOGIAS ANCESTRAIS&#8221;<\/span><\/a><\/p>\n","protected":false},"author":1,"featured_media":0,"parent":0,"menu_order":0,"comment_status":"closed","ping_status":"closed","template":"","meta":{"footnotes":""},"class_list":["post-305","page","type-page","status-publish","hentry"],"_links":{"self":[{"href":"https:\/\/interlab21ccm.com\/index.php?rest_route=\/wp\/v2\/pages\/305","targetHints":{"allow":["GET"]}}],"collection":[{"href":"https:\/\/interlab21ccm.com\/index.php?rest_route=\/wp\/v2\/pages"}],"about":[{"href":"https:\/\/interlab21ccm.com\/index.php?rest_route=\/wp\/v2\/types\/page"}],"author":[{"embeddable":true,"href":"https:\/\/interlab21ccm.com\/index.php?rest_route=\/wp\/v2\/users\/1"}],"replies":[{"embeddable":true,"href":"https:\/\/interlab21ccm.com\/index.php?rest_route=%2Fwp%2Fv2%2Fcomments&post=305"}],"version-history":[{"count":1,"href":"https:\/\/interlab21ccm.com\/index.php?rest_route=\/wp\/v2\/pages\/305\/revisions"}],"predecessor-version":[{"id":307,"href":"https:\/\/interlab21ccm.com\/index.php?rest_route=\/wp\/v2\/pages\/305\/revisions\/307"}],"wp:attachment":[{"href":"https:\/\/interlab21ccm.com\/index.php?rest_route=%2Fwp%2Fv2%2Fmedia&parent=305"}],"curies":[{"name":"wp","href":"https:\/\/api.w.org\/{rel}","templated":true}]}}