{"id":341,"date":"2022-03-22T21:38:39","date_gmt":"2022-03-23T00:38:39","guid":{"rendered":"https:\/\/interlab21ccm.com\/?page_id=341"},"modified":"2022-03-22T21:48:00","modified_gmt":"2022-03-23T00:48:00","slug":"producoes-interlab21ccm","status":"publish","type":"page","link":"https:\/\/interlab21ccm.com\/?page_id=341","title":{"rendered":"Produ\u00e7\u00f5es InterLab21CCM"},"content":{"rendered":"\n<h1 class=\"has-text-align-center wp-block-heading\"><strong>2021<\/strong><\/h1>\n\n\n\n<figure class=\"wp-block-image size-large\"><img loading=\"lazy\" decoding=\"async\" width=\"1024\" height=\"576\" src=\"https:\/\/interlab21ccm.com\/wp-content\/uploads\/2022\/03\/Processos-do-imaginario-1024x576.jpg\" alt=\"\" class=\"wp-image-345\" srcset=\"https:\/\/interlab21ccm.com\/wp-content\/uploads\/2022\/03\/Processos-do-imaginario-1024x576.jpg 1024w, https:\/\/interlab21ccm.com\/wp-content\/uploads\/2022\/03\/Processos-do-imaginario-300x169.jpg 300w, https:\/\/interlab21ccm.com\/wp-content\/uploads\/2022\/03\/Processos-do-imaginario-768x432.jpg 768w, https:\/\/interlab21ccm.com\/wp-content\/uploads\/2022\/03\/Processos-do-imaginario-1536x864.jpg 1536w, https:\/\/interlab21ccm.com\/wp-content\/uploads\/2022\/03\/Processos-do-imaginario-2048x1152.jpg 2048w\" sizes=\"auto, (max-width: 767px) 89vw, (max-width: 1000px) 54vw, (max-width: 1071px) 543px, 580px\" \/><\/figure>\n\n\n\n<h6 class=\"wp-block-heading\">Lucia Le\u00e3o<br>John Durham Peters, Katia Rubio, Mirian Meliani Nunes, Patricia Pisters, Silvio Antonio Luiz Anaz, Fernanda Manzo Ceretta\/ Rog\u00e9rio de Almeida, Bernardo Queiroz, Guilherme Esp\u00edndula, Alessandra Barros Marassi, Robson Kumode, Fl\u00e1via Gasi, Paula Carolei, Ana Ta\u00eds Portanova Barros, Juliana Tonin, Gabriela Kurtz, Larissa Caldeira e Mariana Severo, Regina Helena Giannotti, Jussi Parikka<\/h6>\n\n\n\n<p id=\"block-95d2091a-3f06-4839-b8b1-00395b9cedb8\">Ago. de 2021<br>La\u00e7os<\/p>\n\n\n\n<p>Processos do Imagin\u00e1rio re\u00fane artigos escritos por pesquisadores do grupo Comunica\u00e7\u00e3o e Cria\u00e7\u00e3o nas M\u00eddias, da PUCSP, sob a coordena\u00e7\u00e3o de Lucia Le\u00e3o. Transita entre os processos culturais relacionados ao ambiente digital, sob a lente do imagin\u00e1rio. Cartografias de pesquisas aplicadas aos esportes, \u00e0s redes sociais digitais, aos bancos de dados, ao cinema, games, reality shows, ao antropoceno e \u00e0 cibercultura s\u00e3o apenas alguns dos temas abordados. Entre os articulistas, John Durham Peters, da Universidade de Yale, Patr\u00edcia Pisters, da Universidade de Amsterdam, e Jussi Parika, da Universidade de Southampton. Um mergulho no universo contempor\u00e2neo guiado pelos processos criativos.<\/p>\n","protected":false},"excerpt":{"rendered":"<p>2021 Lucia Le\u00e3oJohn Durham Peters, Katia Rubio, Mirian Meliani Nunes, Patricia Pisters, Silvio Antonio Luiz Anaz, Fernanda Manzo Ceretta\/ Rog\u00e9rio de Almeida, Bernardo Queiroz, Guilherme Esp\u00edndula, Alessandra Barros Marassi, Robson Kumode, Fl\u00e1via Gasi, Paula Carolei, Ana Ta\u00eds Portanova Barros, Juliana Tonin, Gabriela Kurtz, Larissa Caldeira e Mariana Severo, Regina Helena Giannotti, Jussi Parikka Ago. de &hellip; <\/p>\n<p class=\"link-more\"><a href=\"https:\/\/interlab21ccm.com\/?page_id=341\" class=\"more-link\">Continue lendo<span class=\"screen-reader-text\"> &#8220;Produ\u00e7\u00f5es InterLab21CCM&#8221;<\/span><\/a><\/p>\n","protected":false},"author":1,"featured_media":0,"parent":0,"menu_order":0,"comment_status":"closed","ping_status":"closed","template":"","meta":{"footnotes":""},"class_list":["post-341","page","type-page","status-publish","hentry"],"_links":{"self":[{"href":"https:\/\/interlab21ccm.com\/index.php?rest_route=\/wp\/v2\/pages\/341","targetHints":{"allow":["GET"]}}],"collection":[{"href":"https:\/\/interlab21ccm.com\/index.php?rest_route=\/wp\/v2\/pages"}],"about":[{"href":"https:\/\/interlab21ccm.com\/index.php?rest_route=\/wp\/v2\/types\/page"}],"author":[{"embeddable":true,"href":"https:\/\/interlab21ccm.com\/index.php?rest_route=\/wp\/v2\/users\/1"}],"replies":[{"embeddable":true,"href":"https:\/\/interlab21ccm.com\/index.php?rest_route=%2Fwp%2Fv2%2Fcomments&post=341"}],"version-history":[{"count":6,"href":"https:\/\/interlab21ccm.com\/index.php?rest_route=\/wp\/v2\/pages\/341\/revisions"}],"predecessor-version":[{"id":350,"href":"https:\/\/interlab21ccm.com\/index.php?rest_route=\/wp\/v2\/pages\/341\/revisions\/350"}],"wp:attachment":[{"href":"https:\/\/interlab21ccm.com\/index.php?rest_route=%2Fwp%2Fv2%2Fmedia&parent=341"}],"curies":[{"name":"wp","href":"https:\/\/api.w.org\/{rel}","templated":true}]}}