{"id":35,"date":"2022-03-11T15:39:47","date_gmt":"2022-03-11T18:39:47","guid":{"rendered":"https:\/\/interlab21ccm.com\/?page_id=35"},"modified":"2022-03-11T15:54:56","modified_gmt":"2022-03-11T18:54:56","slug":"pagina-inicial","status":"publish","type":"page","link":"https:\/\/interlab21ccm.com\/","title":{"rendered":"Grupo de Pesquisa InterLab21CCM"},"content":{"rendered":"\n<p>Sejam todos\/as\/es muito bem-vindos\/as\/es ao site do Grupo de pesquisa InterLab21CCM, vinculado ao Programa de P\u00f3s-Gradua\u00e7\u00e3o em Comunica\u00e7\u00e3o e Semi\u00f3tica da Pontif\u00edcia Universidade Cat\u00f3lica de S\u00e3o Paulo &#8211; COS | PUC-SP.<\/p>\n","protected":false},"excerpt":{"rendered":"<p>Sejam todos\/as\/es muito bem-vindos\/as\/es ao site do Grupo de pesquisa InterLab21CCM, vinculado ao Programa de P\u00f3s-Gradua\u00e7\u00e3o em Comunica\u00e7\u00e3o e Semi\u00f3tica da Pontif\u00edcia Universidade Cat\u00f3lica de S\u00e3o Paulo &#8211; COS | PUC-SP.<\/p>\n","protected":false},"author":1,"featured_media":0,"parent":0,"menu_order":0,"comment_status":"closed","ping_status":"closed","template":"","meta":{"footnotes":""},"class_list":["post-35","page","type-page","status-publish","hentry"],"_links":{"self":[{"href":"https:\/\/interlab21ccm.com\/index.php?rest_route=\/wp\/v2\/pages\/35","targetHints":{"allow":["GET"]}}],"collection":[{"href":"https:\/\/interlab21ccm.com\/index.php?rest_route=\/wp\/v2\/pages"}],"about":[{"href":"https:\/\/interlab21ccm.com\/index.php?rest_route=\/wp\/v2\/types\/page"}],"author":[{"embeddable":true,"href":"https:\/\/interlab21ccm.com\/index.php?rest_route=\/wp\/v2\/users\/1"}],"replies":[{"embeddable":true,"href":"https:\/\/interlab21ccm.com\/index.php?rest_route=%2Fwp%2Fv2%2Fcomments&post=35"}],"version-history":[{"count":2,"href":"https:\/\/interlab21ccm.com\/index.php?rest_route=\/wp\/v2\/pages\/35\/revisions"}],"predecessor-version":[{"id":75,"href":"https:\/\/interlab21ccm.com\/index.php?rest_route=\/wp\/v2\/pages\/35\/revisions\/75"}],"wp:attachment":[{"href":"https:\/\/interlab21ccm.com\/index.php?rest_route=%2Fwp%2Fv2%2Fmedia&parent=35"}],"curies":[{"name":"wp","href":"https:\/\/api.w.org\/{rel}","templated":true}]}}