{"id":36,"date":"2022-03-11T15:39:47","date_gmt":"2022-03-11T18:39:47","guid":{"rendered":"https:\/\/interlab21ccm.com\/?page_id=36"},"modified":"2022-03-22T22:50:38","modified_gmt":"2022-03-23T01:50:38","slug":"sobre","status":"publish","type":"page","link":"https:\/\/interlab21ccm.com\/?page_id=36","title":{"rendered":"Sobre"},"content":{"rendered":"\n<p>Sejam todos\/as\/es muito bem-vindos\/as\/es ao site do Grupo de Pesquisa InterLab21CCM, vinculado ao Programa de P\u00f3s-Gradua\u00e7\u00e3o em Comunica\u00e7\u00e3o e Semi\u00f3tica da Pontif\u00edcia Universidade Cat\u00f3lica de S\u00e3o Paulo \u2013 COS | PUC-SP. O site do InterLab21CCM visa compartilhar com pesquisadores, estudantes, profissionais e com a comunidade em geral resultados da produ\u00e7\u00e3o e documentos dos processos de cria\u00e7\u00e3o do Grupo e de suas redes de colabora\u00e7\u00e3o.<\/p>\n\n\n\n<p>O Grupo de Pesquisa InterLab21CCM tem por objetivo desenvolver pesquisas no campo da comunica\u00e7\u00e3o em interface com a cultura, educa\u00e7\u00e3o, pol\u00edtica, divulga\u00e7\u00e3o cient\u00edfica, sa\u00fade e artes, entre outros. O Grupo teve in\u00edcio em 1999, como&nbsp;<strong>Grupo de Estudos InterLab: Labirintos do Pensamento Contempor\u00e2neo<\/strong>, vinculado ao CECCS \u2013 Centro de Estudos de Ci\u00eancias Cognitivas e Semi\u00f3ticas do PPGCOS PUC-SP, com Coordena\u00e7\u00e3o Geral de Helena Katz e Rog\u00e9rio da Costa. Entre as produ\u00e7\u00f5es bibliogr\u00e1ficas do Grupo InterLab desse per\u00edodo, destacamos a organiza\u00e7\u00e3o dos livros:<\/p>\n\n\n\n<p>LE\u00c3O, Lucia I. C.&nbsp;<strong>InterLab:<\/strong>&nbsp;labirintos do pensamento contempor\u00e2neo. S\u00e3o Paulo: Editora Iluminuras &#8211; FAPESP, 2002. 362p.<\/p>\n\n\n\n<p>LE\u00c3O, Lucia I. C.&nbsp;<strong>Cibercultura 2.0<\/strong>. S\u00e3o Paulo: U.N. Nojosa, 2003. 207p .<\/p>\n\n\n\n<p>Em 2002, j\u00e1 com coordena\u00e7\u00e3o da Profa. Dra. Lucia Le\u00e3o e em parceria com pesquisadores e grupos de pesquisa de renomadas Universidades brasileiras e estrangeiras, o Grupo passa a ser certificado pela PUC-SP como&nbsp;<strong>Grupo de Pesquisa<\/strong>. Foi credenciado no CNPq em 2008 e, desde ent\u00e3o, re\u00fane pesquisadores e estudantes em projetos coletivos. Entre as produ\u00e7\u00f5es bibliogr\u00e1ficas desse per\u00edodo, destacamos a organiza\u00e7\u00e3o dos livros:<\/p>\n\n\n\n<p>LE\u00c3O, Lucia I. C.&nbsp;<strong>Processos do Imagin\u00e1rio.<\/strong>&nbsp;S\u00e3o Paulo: K\u00e9pos, 2016. 464p .<\/p>\n\n\n\n<p>LE\u00c3O, Lucia I. C.&nbsp;<strong>O chip e o caleidosc\u00f3pio:<\/strong>&nbsp;reflex\u00f5es sobre as novas m\u00eddias. S\u00e3o Paulo: Editora SENAC, 2005. 608p .<\/p>\n\n\n\n<p>LE\u00c3O, Lucia I. C.&nbsp;<strong>Derivas:<\/strong>&nbsp;cartografias do ciberespa\u00e7o. S\u00e3o Paulo: Annablume, 2004. 226p .<\/p>\n\n\n\n<p>Entre n\u00facleos de investiga\u00e7\u00e3o do Grupo InterLab21CCM, figuram: comunica\u00e7\u00e3o, cultura, pol\u00edtica e diversidade; processos de cria\u00e7\u00e3o; design e hiperm\u00eddia; cartografias do imagin\u00e1rio e projetos de curadoria. Entre suas atividades, listamos: desenvolvimento de projetos sociais, culturais e de ativismo, atividades de extens\u00e3o, publica\u00e7\u00e3o de artigos e livros, organiza\u00e7\u00e3o de eventos cient\u00edficos, curadoria de exposi\u00e7\u00f5es, entre outros.<\/p>\n\n\n\n<p>Para a produ\u00e7\u00e3o do site, a equipe trabalhou em esp\u00edrito colaborativo e em sinergia, com Coordena\u00e7\u00e3o Geral de Lucia Le\u00e3o. A pesquisa, sele\u00e7\u00e3o e produ\u00e7\u00e3o de conte\u00fado contou com uma equipe de Curadoria. Nessa equipe, destacamos o trabalho de Bell Kranz, Ren\u00ea Arruda e Vanessa Lopes. O estudante Gabriel Augusto assumiu o papel de Webdesigner e administrador do site. Tivemos tamb\u00e9m a importante contribui\u00e7\u00e3o da Consultoria de design de D\u00e2nica Machado, mestre pelo PPG-COS e integrante do grupo.<\/p>\n\n\n\n<p>Para a p\u00e1gina de abertura, escolhemos uma imagem que representa uma s\u00edntese dos princ\u00edpios norteadores das pesquisas e das pr\u00e1ticas do InterLab22CCM. A imagem intitulada \u201cDi\u00e1logos de Copas\u201d de autoria de Lucia Le\u00e3o \u00e9 integrante do projeto Retratos Vegetais (Le\u00e3o, 2019). Na fotografia, observamos copas de diferentes \u00e1rvores que se inclinam para o centro pict\u00f3rico, envoltas por um c\u00e9u na cor azul cobalto intenso. No lado esquerdo, a copa da \u00e1rvore retratada tem galhos lenhosos e folhas mi\u00fadas na tonalidade verde escuro. No fragmento de caule que podemos ver, uma sutil planta ep\u00edfita cresce e caminha pelos galhos. No lado direito, as copas de tr\u00eas \u00e1rvores se misturam. Em primeiro plano, destaca-se a copa de uma \u00e1rvore com galhos lisos e delicados que carregam folhas claras em um verde amarelado. Logo atr\u00e1s, galhos ainda mais finos sustentam grupos de flores rosadas. Por fim, avistamos ao fundo, uma ramagem em um verde claro, quase prateado, com folhas mi\u00fadas.&nbsp;<\/p>\n\n\n\n<p>A imagem foi escolhida em referencia \u00e0 ideia de um ambiente que acolhe a diversidade, representada pelas diferentes formas vegetais, seus galhos, folhas e flores. Na imagem, interconex\u00f5es da diversidade entre os seres vegetais remetem \u00e0 perspectiva norteadora dos encontros, na compreens\u00e3o da import\u00e2ncia do acolhimento para as diferen\u00e7as, no respeito \u00e0 escuta e na valoriza\u00e7\u00e3o dos di\u00e1logos.<\/p>\n\n\n\n<p>O logotipo do grupo, que desde sua primeira vers\u00e3o, com autoria de Ricardo Balija \u00e9 um jogo das letras CCM compondo um labirinto, foi retrabalhado e, na sua nova vers\u00e3o, as letras CCM recebem na parte inferior o nome completo do grupo InterLab21CC. A releitura do logotipo \u00e9 resultado de um trabalho da equipe da Agencia PUC com supervis\u00e3o da Profa. Mestre Roseni Guimar\u00e3es Corr\u00eaa de Moraes, aluna de doutorado do COS e integrante do grupo. Na nova proposta, as cores escolhidas foram roxo e preto e essa sele\u00e7\u00e3o teve como crit\u00e9rio seus significados culturais e simb\u00f3licos. No imagin\u00e1rio ocidental, no entendimento de Goethe, o roxo \u00e9 uma cor associada \u00e0 harmonia, equil\u00edbrio. O roxo \u00e9 a cor resultado da mescla entre vermelho e azul. O preto, muitas vezes associado \u00e0s sombras, traduz as dificuldades dos percursos acad\u00eamicos. Al\u00e9m disso, o preto \u00e9 a cor que reflete a soma de todas as cores. Dessa maneira, o roxo e o preto comunicam mensagens repletas de sentidos e remetem a ideias de processos aditivos, cooperativos e colaborativos (Goethe, 2000; Heller, 2003; Barros, 2006). Assim, nosso novo logotipo nasce como uma homenagem \u00e0s mesclas, combina\u00e7\u00f5es, somas e transforma\u00e7\u00f5es que associamos ao processo de pesquisa cient\u00edfica.<\/p>\n\n\n\n<p>Desejamos a todes boas pesquisas!<\/p>\n\n\n\n<p><strong><em>Refer\u00eancias<\/em><\/strong><\/p>\n\n\n\n<p>BARROS, Lilian Ried Miller.&nbsp;<strong>A cor no processo criativo<\/strong>: um estudo sobre a Bauhaus e a teoria de Goethe. S\u00e3o Paulo: Senac, 2006.<\/p>\n\n\n\n<p>GOETHE, Johann Wolfgang von.&nbsp;<strong>Doutrina das cores<\/strong>. S\u00e3o Paulo: Nova Alexandria, 2000.<\/p>\n\n\n\n<p>HELLER, Eva.&nbsp;<strong>A psicologia das cores<\/strong>: como as cores afetam a emo\u00e7\u00e3o e a raz\u00e3o. Madrid: Gustavo Gili, 2003.<\/p>\n\n\n\n<p>LE\u00c3O, Lucia. Plant Portraits: Creative processes, communication and the search for new paradigms.&nbsp;<strong>Technoetic Arts<\/strong>: A Journal of Speculative Research, v. 17, p. 57-70, 2019.<\/p>\n\n\n\n<p><\/p>\n\n\n\n<p><\/p>\n\n\n\n<p><\/p>\n\n\n\n<div class=\"wp-block-buttons is-layout-flex wp-block-buttons-is-layout-flex\">\n<div class=\"wp-block-button is-style-outline is-style-outline--1\"><a class=\"wp-block-button__link\" href=\"https:\/\/interlab21ccm.com\/?page_id=168\">Conhe\u00e7a os pesquisadores do grupo<\/a><\/div>\n<\/div>\n\n\n\n<p>\u200b\u200b<\/p>\n\n\n\n<p>InterLab21CCM:\u00a0<a rel=\"noreferrer noopener\" href=\"http:\/\/dgp.cnpq.br\/dgp\/espelhogrupo\/0123760573081386\" target=\"_blank\">http:\/\/dgp.cnpq.br\/dgp\/espelhogrupo\/0123760573081386<\/a><\/p>\n\n\n\n<p>Facebook:&nbsp;<a href=\"https:\/\/www.facebook.com\/GrupoPesquisaCCM\/\" target=\"_blank\" rel=\"noreferrer noopener\">https:\/\/www.facebook.com\/GrupoPesquisaCCM\/<\/a><\/p>\n\n\n\n<p>Twitter:&nbsp;<a href=\"https:\/\/twitter.com\/GrupoCCM\" target=\"_blank\" rel=\"noreferrer noopener\">https:\/\/twitter.com\/GrupoCCM<\/a><\/p>\n\n\n\n<p>Youtube:&nbsp;<a rel=\"noreferrer noopener\" href=\"https:\/\/www.youtube.com\/user\/GrupoPesquisaCCM\" target=\"_blank\">https:\/\/www.youtube.com\/user\/GrupoPesquisaCCM<\/a><\/p>\n\n\n\n<h3 class=\"wp-block-heading\">EQUIPE DE TRABALHO<\/h3>\n\n\n\n<h4 class=\"wp-block-heading\">Coordena\u00e7\u00e3o Geral: Lucia Le\u00e3o<\/h4>\n\n\n\n<p>Lucia Le\u00e3o \u00e9 Coordenadora, Professora e Orientadora de Mestrado e Doutorado no Programa de P\u00f3s-Gradua\u00e7\u00e3o em Comunica\u00e7\u00e3o e Semi\u00f3tica do Curso de Comunica\u00e7\u00e3o em Multimeios da Pontif\u00edcia Universidade Cat\u00f3lica de S\u00e3o Paulo, Brasil, PUC\/SP.&nbsp;&nbsp;Lucia Le\u00e3o \u00e9 Doutora em Comunica\u00e7\u00e3o e Semi\u00f3tica pela PUC-SP (2001) com p\u00f3s-doutorado em Artes pela UNICAMP (2004). Autora de v\u00e1rios livros, entre eles: O labirinto da hiperm\u00eddia (1999) e Processos do imagin\u00e1rio, org. (2016). Atua nas \u00e1reas de comunica\u00e7\u00e3o, processos de cria\u00e7\u00e3o, cibercultura e educa\u00e7\u00e3o, fotografia, audiovisual, arte e tecnologia. \u00c9 L\u00edder do Grupo de Pesquisa em Comunica\u00e7\u00e3o e Cria\u00e7\u00e3o nas M\u00eddias, CCM \/ CNPq.<\/p>\n\n\n\n<p><a href=\"http:\/\/orcid.org\/0000-0002-6680-5106\" target=\"_blank\" rel=\"noreferrer noopener\">http:\/\/orcid.org\/0000-0002-6680-5106<\/a><\/p>\n\n\n\n<p><a rel=\"noreferrer noopener\" href=\"http:\/\/lattes.cnpq.br\/5713834069018261\" target=\"_blank\">http:\/\/lattes.cnpq.br\/5713834069018261<\/a><\/p>\n\n\n\n<h4 class=\"wp-block-heading\">Alguns livros Publicados:<\/h4>\n\n\n\n<ul class=\"wp-block-list\"><li>Processo do Imagin\u00e1rio (2016), Ed. K\u00e9pos;<\/li><li>O chip e o caleidosc\u00f3pio: reflex\u00f5es sobre as novas m\u00eddias (2005), Ed. SENAC;<\/li><li>Derivas: cartografias do ciberespa\u00e7o (2004), Ed. Annablume;<\/li><li>Cibercultura 2.0 (2004), Ed. Nojosa;<\/li><li>A est\u00e9tica do labirinto (2002), Ed. Anhembi Morumbi;<\/li><li>Interlab (2002), Ed. Iluminuras;<\/li><li>O labirinto da hiperm\u00eddia. Arquitetura e navega\u00e7\u00e3o no ciberespa\u00e7o (2002), Ed. Iluminuras<\/li><\/ul>\n\n\n\n<h4 class=\"wp-block-heading\">Produ\u00e7\u00e3o art\u00edstica \/ cultural:<\/h4>\n\n\n\n<ul class=\"wp-block-list\"><li>WebArte.BR &#8211; Experi\u00eancias Art\u00edsticas Brasileiras na Internet :: As mil e uma hist\u00f3rias (2015) | Artes Visuais;<\/li><li>Corposc\u00f3pio&nbsp;&nbsp;(2007) | Artes Visuais;<\/li><li>Percep\u00e7\u00e3o, Sentidos e Rela\u00e7\u00f5es Midi\u00e1ticas (2006) | Artes C\u00eanicas;<\/li><li>Hermenetka (2005) | Artes Visuais;<\/li><li>As mil e uma hist\u00f3rias (2004) | Artes Visuais;<\/li><li>XV Bienal de S\u00e3o Paulo (2002) | Artes Visuais;<\/li><li>Global Experimental Poetry Net-Action (virtual&amp;real) (2002) | Artes Visuais<\/li><li>LabWeb: a collective working in progress (2000) | Artes Visuais<\/li><\/ul>\n\n\n\n<h4 class=\"wp-block-heading\">Mentoria:&nbsp;Rog\u00e9rio da Costa Santos<\/h4>\n\n\n\n<p>Possui doutorado em Hist\u00f3ria da Filosofia &#8211; Universit\u00e9 de Paris IV (Paris-Sorbonne) (1998), mestrado em Filosofia pela Universidade de S\u00e3o Paulo (1991) e gradua\u00e7\u00e3o em Engenharia de Sistemas e Computa\u00e7\u00e3o pela Universidade do Estado do Rio de Janeiro (1983). Atualmente \u00e9 assistente doutor da Pontif\u00edcia Universidade Cat\u00f3lica de S\u00e3o Paulo, Vice-Coordenador do Programa de P\u00f3s Gradua\u00e7\u00e3o em Comunica\u00e7\u00e3o e Semi\u00f3tica. Parecerista Fapesp. Foi consultor OPAS para o Minist\u00e9rio da Sa\u00fade no per\u00edodo 2012\/2015. Foi bolsista FIOTEC no per\u00edodo 2015\/2016. No per\u00edodo de 2004\/2005 dirigiu a \u00e1rea de tecnologia da PUCSP. No per\u00edodo de 2005\/2006 dirigiu a \u00e1rea de metodologias e tecnologias da informa\u00e7\u00e3o da BIREME\/OPAS\/OMS. Coordena atualmente o Laborat\u00f3rio de Intelig\u00eancia Coletiva &#8211; LInC (<a rel=\"noreferrer noopener\" href=\"http:\/\/www.linc.org.br\/\" target=\"_blank\">www.linc.org.br<\/a>). Tem experi\u00eancia na \u00e1rea de Comunica\u00e7\u00e3o, com \u00eanfase em Teoria da Comunica\u00e7\u00e3o, atuando principalmente nos seguintes temas: intelig\u00eancia coletiva, redes sociais, cibercultura, comunidades virtuais, biopol\u00edtica e capitalismo cognitivo.<\/p>\n\n\n\n<h4 class=\"wp-block-heading\">Mentoria: Ane Shyrlei de Ara\u00fajo<\/h4>\n\n\n\n<p>Doutora pela Faculdade de Arquitetura e Urbanismo da USP, em Ambientes Urbanos e Cidades, Professora associada do Depto. de Artes da Faculdade de Filosofia Comunica\u00e7\u00e3o Letras e Artes da PUC-SP. Possui orienta\u00e7\u00f5es e pesquisas na \u00e1rea da Comunica\u00e7\u00e3o Visual, orientando pesquisas de Inicia\u00e7\u00e3o Cient\u00edfica e Trabalhos de Conclus\u00e3o de Curso. \u00c9 membro em bancas de mestrado e doutorado de programas de p\u00f3s-gradua\u00e7\u00e3o; \u00e9 parecerista de pesquisas de p\u00f3s-gradua\u00e7\u00e3o do CNPq e FAPESP. Pertence ao Grupo de Pesquisa em Comunica\u00e7\u00e3o e Cria\u00e7\u00e3o nas M\u00eddias, CCM-CNPq. Coordenou o curso de Comunica\u00e7\u00e3o e Multimeios da PUC-SP at\u00e9 2019, onde ministra disciplinas referentes \u00e0s M\u00eddias Audiovisuais, \u00e0 Hist\u00f3ria da Arte, \u00e0 Metodologia de Pesquisa e Metodologia para Projetos Multim\u00eddias.<\/p>\n\n\n\n<h4 class=\"wp-block-heading\">Mentoria:&nbsp;Cec\u00edlia Almeida Salles<\/h4>\n\n\n\n<p>Tem gradua\u00e7\u00e3o em L\u00edngua e literatura inglesas pela Pontif\u00edcia Universidade Cat\u00f3lica de S\u00e3o Paulo (1976), mestrado em Ling\u00fc\u00edstica Aplicada e Estudos de L\u00ednguas pela Pontif\u00edcia Universidade Cat\u00f3lica de S\u00e3o Paulo (1981) e doutorado em Ling\u00fc\u00edstica Aplicada e Estudos de L\u00ednguas pela Pontif\u00edcia Universidade Cat\u00f3lica de S\u00e3o Paulo (1990). Atualmente faz p\u00f3s-doutorado no Departamento de Cinema, R\u00e1dio e Televis\u00e3o da Escola de Comunica\u00e7\u00e3o e Artes da Universidade de S\u00e3o Paulo. \u00c9 professora titular do Programa de P\u00f3s-Gradua\u00e7\u00e3o em Comunica\u00e7\u00e3o e Semi\u00f3tica da Pontif\u00edcia Universidade Cat\u00f3lica de S\u00e3o Paulo. \u00c9 coordenadora do Grupo de Pesquisa em Processos de Cria\u00e7\u00e3o . \u00c9 autora dos livros Gesto inacabado: processo de cria\u00e7\u00e3o art\u00edstica; Cr\u00edtica Gen\u00e9tica: Redes da Cria\u00e7\u00e3o: Constru\u00e7\u00e3o da obra de arte, entre outros. Tem experi\u00eancia na \u00e1rea de Comunica\u00e7\u00e3o, atuando principalmente nos seguintes temas: comunica\u00e7\u00e3o, processos de cria\u00e7\u00e3o, semi\u00f3tica, cr\u00edtica gen\u00e9tica e artes.<\/p>\n\n\n\n<h4 class=\"wp-block-heading\"><strong>Produ\u00e7\u00e3o Executiva e Gest\u00e3o de Projeto: Vanessa Lopes<\/strong><\/h4>\n\n\n\n<p>Vanessa Lopes \u00e9 Doutora e Mestre em Comunica\u00e7\u00e3o e Semi\u00f3tica (PUC-SP). Graduada em Comunica\u00e7\u00e3o das Artes do Corpo (PUC-SP). Artista, pesquisadora e produtora cultural, Vanessa publicou \u201cAaaS: uma nova condi\u00e7\u00e3o para criar, conhecer, comunicar\u201d (Nea, 2015). Estudou na Desmond Jones School Mime and Physical Theatre (UK) e Performance na Queen Mary University of London (UK). Organizou e participou de diversos eventos acad\u00eamicos, desenvolvendo uma pesquisa sobre a materialidade da arte na hipermodernidade. Trabalha com a elabora\u00e7\u00e3o e a produ\u00e7\u00e3o executiva de projetos culturais, com ampla experi\u00eancia em editais. Atuou como produtora no Chisenhale Dance Space (UK). Foi Programadora, Produtora, Coordenadora do N\u00facleo de Dan\u00e7a da Secretaria Municipal de Cultura de S\u00e3o Paulo (2008-2010). Dirigiu de 2011&nbsp;&nbsp;a 2017 a INdependente &#8211; produ\u00e7\u00e3o em arte (SP), uma empresa dedicada \u00e0 arte contempor\u00e2nea em m\u00faltiplos formatos e linguagens. \u00c9 atualmente parecerista credenciada do Minist\u00e9rio da Cidadania,&nbsp;&nbsp;Funda\u00e7\u00e3o Catarinense de Cultura &#8211; FCC e FAPESC. Atua como vice-l\u00edder do Grupo de Pesquisa em Comunica\u00e7\u00e3o e Cria\u00e7\u00e3o nas M\u00eddias &#8211; CCM (PUC-SP) e \u00e9 professora visitante no DIVERSITAS\/USP.<\/p>\n\n\n\n<h4 class=\"wp-block-heading\">Dire\u00e7\u00e3o de Arte: D\u00e2nica Machado<\/h4>\n\n\n\n<p>Mestre em Comunica\u00e7\u00e3o e Semi\u00f3tica pela PUC-SP, D\u00e2nica Machado \u00e9 designer e integrante do Grupo de Pesquisa em Comunica\u00e7\u00e3o e Cria\u00e7\u00e3o nas M\u00eddias (CCM). Graduada em Design &#8211; com habilita\u00e7\u00e3o em Design de Produto e mobilidade acad\u00eamica em Design de Comunica\u00e7\u00e3o na Faculdade de Belas Artes da Universidade do Porto. Foi bolsista de extens\u00e3o no Laborat\u00f3rio de Pesquisa, Extens\u00e3o e Ensino em Design Contempor\u00e2neo (LABDesign) do Departamento de Design da Faculdade de Arquitetura, Artes e Comunica\u00e7\u00e3o da UNESP de Bauru. Desenvolve pesquisa em processos de cria\u00e7\u00e3o, design, artes e redes. Atua na \u00e1rea do design nos seguintes eixos tem\u00e1ticos: design contempor\u00e2neo, processos experimentais de cria\u00e7\u00e3o, comunica\u00e7\u00e3o e processos de cria\u00e7\u00e3o nas redes.<\/p>\n\n\n\n<h4 class=\"wp-block-heading\">Dire\u00e7\u00e3o de Redes: Gabriel Augusto Prado de Oliveira<\/h4>\n\n\n\n<p>Gabriel Augusto Prado de Oliveira \u00e9 aluno do curso de Comunica\u00e7\u00e3o e Multimeios integrado \u00e0s Artes do Corpo na PUC-SP (Pontif\u00edcia Universidade Cat\u00f3lica de S\u00e3o Paulo). Desenvolveu pesquisa de Inicia\u00e7\u00e3o Cient\u00edfica com bolsa do CNPQ com o t\u00edtulo: &#8220;Pol\u00edticas e po\u00e9ticas do audiovisual: uma an\u00e1lise dos processos de cria\u00e7\u00e3o do filme Searching&#8221;, em 2020 com Orienta\u00e7\u00e3o de Lucia Le\u00e3o. Artista multimeios com estudos e atua\u00e7\u00e3o em performance art integrada \u00e0s tecnologias digitais, Gabriel&nbsp;&nbsp;pesquisa: Est\u00e9ticas Relacionais, Tecnologia das M\u00eddias, Hiperm\u00eddia e Comunica\u00e7\u00e3o em telas m\u00faltiplas. Fundador do Coletivo Cont\u00e9m Poesia na Cidade de S\u00e3o Paulo.<\/p>\n\n\n\n<h4 class=\"wp-block-heading\">Dire\u00e7\u00e3o de Conte\u00fado:&nbsp;Ren\u00ea Eduardo Arruda<\/h4>\n\n\n\n<p>Ren\u00ea Arruda \u00e9 Mestre e Doutorando do Programa de Estudos P\u00f3s-graduados em Comunica\u00e7\u00e3o e Semi\u00f3tica da PUC-SP. Atua profissionalmente como especialista em processos \u00e1geis de gest\u00e3o de projetos e professor. Sua pesquisa est\u00e1 no eixo transversal entre comunica\u00e7\u00e3o, pol\u00edtica e tecnologia.<\/p>\n\n\n\n<h4 class=\"wp-block-heading\">Revis\u00e3o Geral: Bell Kranz<\/h4>\n\n\n\n<p><\/p>\n","protected":false},"excerpt":{"rendered":"<p>Sejam todos\/as\/es muito bem-vindos\/as\/es ao site do Grupo de Pesquisa InterLab21CCM, vinculado ao Programa de P\u00f3s-Gradua\u00e7\u00e3o em Comunica\u00e7\u00e3o e Semi\u00f3tica da Pontif\u00edcia Universidade Cat\u00f3lica de S\u00e3o Paulo \u2013 COS | PUC-SP. O site do InterLab21CCM visa compartilhar com pesquisadores, estudantes, profissionais e com a comunidade em geral resultados da produ\u00e7\u00e3o e documentos dos processos de &hellip; <\/p>\n<p class=\"link-more\"><a href=\"https:\/\/interlab21ccm.com\/?page_id=36\" class=\"more-link\">Continue lendo<span class=\"screen-reader-text\"> &#8220;Sobre&#8221;<\/span><\/a><\/p>\n","protected":false},"author":1,"featured_media":0,"parent":0,"menu_order":0,"comment_status":"closed","ping_status":"closed","template":"","meta":{"footnotes":""},"class_list":["post-36","page","type-page","status-publish","hentry"],"_links":{"self":[{"href":"https:\/\/interlab21ccm.com\/index.php?rest_route=\/wp\/v2\/pages\/36","targetHints":{"allow":["GET"]}}],"collection":[{"href":"https:\/\/interlab21ccm.com\/index.php?rest_route=\/wp\/v2\/pages"}],"about":[{"href":"https:\/\/interlab21ccm.com\/index.php?rest_route=\/wp\/v2\/types\/page"}],"author":[{"embeddable":true,"href":"https:\/\/interlab21ccm.com\/index.php?rest_route=\/wp\/v2\/users\/1"}],"replies":[{"embeddable":true,"href":"https:\/\/interlab21ccm.com\/index.php?rest_route=%2Fwp%2Fv2%2Fcomments&post=36"}],"version-history":[{"count":11,"href":"https:\/\/interlab21ccm.com\/index.php?rest_route=\/wp\/v2\/pages\/36\/revisions"}],"predecessor-version":[{"id":378,"href":"https:\/\/interlab21ccm.com\/index.php?rest_route=\/wp\/v2\/pages\/36\/revisions\/378"}],"wp:attachment":[{"href":"https:\/\/interlab21ccm.com\/index.php?rest_route=%2Fwp%2Fv2%2Fmedia&parent=36"}],"curies":[{"name":"wp","href":"https:\/\/api.w.org\/{rel}","templated":true}]}}