{"id":37,"date":"2022-03-11T15:39:47","date_gmt":"2022-03-11T18:39:47","guid":{"rendered":"https:\/\/interlab21ccm.com\/?page_id=37"},"modified":"2022-03-21T17:21:51","modified_gmt":"2022-03-21T20:21:51","slug":"contato","status":"publish","type":"page","link":"https:\/\/interlab21ccm.com\/?page_id=37","title":{"rendered":"Contato"},"content":{"rendered":"\n<p><strong>Endere\u00e7o<\/strong><br><\/p>\n\n\n\n<p><strong>Endere\u00e7o<\/strong><br>Grupo de Pesquisa InterLab21CCM<br>Programa de Estudos P\u00f3s-Graduados em Comunica\u00e7\u00e3o e Semi\u00f3tica da PUC-SP<br>a\/c Profa. Dra. Lucia Le\u00e3o<br>Rua Ministro Godoy, 969, 4\u00ba. andar &#8211; Sala 4A-08<br>CEP\u00a0\u00a005015-901 Perdizes, S\u00e3o Paulo-SP, Brasil<\/p>\n\n\n\n<p><strong>Email<br><\/strong><a rel=\"noreferrer noopener\" href=\"mailto:lucleao@pucsp.br\" target=\"_blank\">lucleao@pucsp.br<\/a><a rel=\"noreferrer noopener\" href=\"mailto:grupopesquisaccm@gmail.com\" target=\"_blank\"><\/a><br><a href=\"mailto:grupopesquisaccm@gmail.com\" target=\"_blank\" rel=\"noreferrer noopener\">grupopesquisaccm@gmail.com<\/a><\/p>\n\n\n\n<p><\/p>\n","protected":false},"excerpt":{"rendered":"<p>Endere\u00e7o Endere\u00e7oGrupo de Pesquisa InterLab21CCMPrograma de Estudos P\u00f3s-Graduados em Comunica\u00e7\u00e3o e Semi\u00f3tica da PUC-SPa\/c Profa. Dra. Lucia Le\u00e3oRua Ministro Godoy, 969, 4\u00ba. andar &#8211; Sala 4A-08CEP\u00a0\u00a005015-901 Perdizes, S\u00e3o Paulo-SP, Brasil Emaillucleao@pucsp.brgrupopesquisaccm@gmail.com<\/p>\n","protected":false},"author":1,"featured_media":0,"parent":0,"menu_order":0,"comment_status":"closed","ping_status":"closed","template":"","meta":{"footnotes":""},"class_list":["post-37","page","type-page","status-publish","hentry"],"_links":{"self":[{"href":"https:\/\/interlab21ccm.com\/index.php?rest_route=\/wp\/v2\/pages\/37","targetHints":{"allow":["GET"]}}],"collection":[{"href":"https:\/\/interlab21ccm.com\/index.php?rest_route=\/wp\/v2\/pages"}],"about":[{"href":"https:\/\/interlab21ccm.com\/index.php?rest_route=\/wp\/v2\/types\/page"}],"author":[{"embeddable":true,"href":"https:\/\/interlab21ccm.com\/index.php?rest_route=\/wp\/v2\/users\/1"}],"replies":[{"embeddable":true,"href":"https:\/\/interlab21ccm.com\/index.php?rest_route=%2Fwp%2Fv2%2Fcomments&post=37"}],"version-history":[{"count":7,"href":"https:\/\/interlab21ccm.com\/index.php?rest_route=\/wp\/v2\/pages\/37\/revisions"}],"predecessor-version":[{"id":328,"href":"https:\/\/interlab21ccm.com\/index.php?rest_route=\/wp\/v2\/pages\/37\/revisions\/328"}],"wp:attachment":[{"href":"https:\/\/interlab21ccm.com\/index.php?rest_route=%2Fwp%2Fv2%2Fmedia&parent=37"}],"curies":[{"name":"wp","href":"https:\/\/api.w.org\/{rel}","templated":true}]}}