{"id":45,"date":"2022-03-11T15:39:47","date_gmt":"2022-03-11T18:39:47","guid":{"rendered":"https:\/\/interlab21ccm.com\/?page_id=45"},"modified":"2022-03-22T21:39:11","modified_gmt":"2022-03-23T00:39:11","slug":"pesquisa","status":"publish","type":"page","link":"https:\/\/interlab21ccm.com\/?page_id=45","title":{"rendered":"Pesquisa"},"content":{"rendered":"\n<p>Conhe\u00e7a os projetos de pesquisa realizados pelos pesquisadores e estudantes do InterLab21CCM e tamb\u00e9m os trabalhos que se encontram em processo de desenvolvimento. Entre as linhas de investiga\u00e7\u00e3o do Grupo, destacam-se processos de cria\u00e7\u00e3o; design e hiperm\u00eddia; cartografias do imagin\u00e1rio e projetos de curadoria.<\/p>\n\n\n\n<div class=\"wp-block-buttons is-layout-flex wp-block-buttons-is-layout-flex\">\n<div class=\"wp-block-button is-style-outline is-style-outline--1\"><a class=\"wp-block-button__link\" href=\"https:\/\/interlab21ccm.com\/?page_id=98\">Projetos CNPq<\/a><\/div>\n<\/div>\n\n\n\n<div class=\"wp-block-buttons is-layout-flex wp-block-buttons-is-layout-flex\">\n<div class=\"wp-block-button is-style-outline is-style-outline--2\"><a class=\"wp-block-button__link\" href=\"https:\/\/interlab21ccm.com\/?page_id=341\">Produ\u00e7\u00f5es InterLab21CCM<\/a><\/div>\n<\/div>\n\n\n\n<div class=\"wp-block-buttons is-layout-flex wp-block-buttons-is-layout-flex\">\n<div class=\"wp-block-button is-style-outline is-style-outline--3\"><a class=\"wp-block-button__link\">Teses e Disserta\u00e7\u00f5es<\/a><\/div>\n<\/div>\n\n\n\n<div class=\"wp-block-buttons is-layout-flex wp-block-buttons-is-layout-flex\">\n<div class=\"wp-block-button is-style-outline is-style-outline--4\"><a class=\"wp-block-button__link\">MAPAS<\/a><\/div>\n<\/div>\n\n\n\n<p><\/p>\n","protected":false},"excerpt":{"rendered":"<p>Conhe\u00e7a os projetos de pesquisa realizados pelos pesquisadores e estudantes do InterLab21CCM e tamb\u00e9m os trabalhos que se encontram em processo de desenvolvimento. Entre as linhas de investiga\u00e7\u00e3o do Grupo, destacam-se processos de cria\u00e7\u00e3o; design e hiperm\u00eddia; cartografias do imagin\u00e1rio e projetos de curadoria.<\/p>\n","protected":false},"author":1,"featured_media":0,"parent":0,"menu_order":0,"comment_status":"closed","ping_status":"closed","template":"","meta":{"footnotes":""},"class_list":["post-45","page","type-page","status-publish","hentry"],"_links":{"self":[{"href":"https:\/\/interlab21ccm.com\/index.php?rest_route=\/wp\/v2\/pages\/45","targetHints":{"allow":["GET"]}}],"collection":[{"href":"https:\/\/interlab21ccm.com\/index.php?rest_route=\/wp\/v2\/pages"}],"about":[{"href":"https:\/\/interlab21ccm.com\/index.php?rest_route=\/wp\/v2\/types\/page"}],"author":[{"embeddable":true,"href":"https:\/\/interlab21ccm.com\/index.php?rest_route=\/wp\/v2\/users\/1"}],"replies":[{"embeddable":true,"href":"https:\/\/interlab21ccm.com\/index.php?rest_route=%2Fwp%2Fv2%2Fcomments&post=45"}],"version-history":[{"count":9,"href":"https:\/\/interlab21ccm.com\/index.php?rest_route=\/wp\/v2\/pages\/45\/revisions"}],"predecessor-version":[{"id":343,"href":"https:\/\/interlab21ccm.com\/index.php?rest_route=\/wp\/v2\/pages\/45\/revisions\/343"}],"wp:attachment":[{"href":"https:\/\/interlab21ccm.com\/index.php?rest_route=%2Fwp%2Fv2%2Fmedia&parent=45"}],"curies":[{"name":"wp","href":"https:\/\/api.w.org\/{rel}","templated":true}]}}